{"id":2157,"date":"2026-01-31T04:36:41","date_gmt":"2026-01-31T04:36:41","guid":{"rendered":"https:\/\/limegreen-crab-986627.hostingersite.com\/accessibility-statement\/"},"modified":"2026-02-04T15:19:29","modified_gmt":"2026-02-04T15:19:29","slug":"accessibility-statement","status":"publish","type":"page","link":"https:\/\/smilehealthecuador.com\/fr\/accessibility-statement\/","title":{"rendered":"Accessibility statement"},"content":{"rendered":"<div data-elementor-type=\"wp-page\" data-elementor-id=\"2157\" class=\"elementor elementor-2157\" data-elementor-post-type=\"page\">\n\t\t\t\t<div class=\"elementor-element elementor-element-5e729a2e e-flex e-con-boxed e-con e-parent\" data-id=\"5e729a2e\" data-element_type=\"container\" data-e-type=\"container\" data-settings=\"{&quot;background_background&quot;:&quot;classic&quot;}\">\n\t\t\t\t\t<div class=\"e-con-inner\">\n\t\t\t\t<div class=\"elementor-element elementor-element-6d5977c8 elementor-widget elementor-widget-text-editor\" data-id=\"6d5977c8\" data-element_type=\"widget\" data-e-type=\"widget\" data-widget_type=\"text-editor.default\">\n\t\t\t\t<div class=\"elementor-widget-container\">\n\t\t\t\t\t\t\t\t\t\n<h1 class=\"wp-block-heading has-text-align-center\">Accessibility Statement for https:\/\/smilehealthecuador.com\/<\/h1>\n\n<p><strong>Smilehealth L'\u00c9quateur De La Clinique Dentaire<\/strong> s'engage \u00e0 assurer l'accessibilit\u00e9 num\u00e9rique pour les personnes handicap\u00e9es. Nous sommes continuellement \u00e0 l'am\u00e9lioration de l'exp\u00e9rience utilisateur pour tous et l'application des normes d'accessibilit\u00e9.<\/p>\n\n<h3 class=\"wp-block-heading\"><strong>\u00c9tat de conformit\u00e9<\/strong><\/h3>\n\n<p>L'Accessibilit\u00e9 des Contenus Web (WCAG) d\u00e9finit les exigences pour les concepteurs et les d\u00e9veloppeurs \u00e0 am\u00e9liorer l'accessibilit\u00e9 pour les personnes handicap\u00e9es. Il d\u00e9finit trois niveaux de conformit\u00e9: le Niveau A, Niveau AA, et le Niveau AAA.<\/p>\n\n<p><strong>Smilehealth L'\u00c9quateur De La Clinique Dentaire<\/strong> est faire des efforts constants pour am\u00e9liorer l'accessibilit\u00e9 de son site et ses services, dans la conviction qu'il est de notre morale collective obligation d'autoriser transparente, accessible et libre d'utilisation pour ceux d'entre nous avec un handicap.<\/p>\n\n<p>Nous avons pour objectif de faire toutes les pages et le contenu de <strong>https:\/\/smilehealthecuador.com\/<\/strong> accessible, mais certains contenus peuvent ne pas encore pleinement respecter les plus hautes normes d'accessibilit\u00e9. Cela pourrait \u00eatre en raison de difficult\u00e9s dans l'identification la plus appropri\u00e9e de la solution technologique.<\/p>\n\n<p>Nous pouvons modifier cette D\u00e9claration p\u00e9riodiquement pour tenir compte des am\u00e9liorations ou des changements \u00e0 notre accessibilit\u00e9 des pratiques.<\/p>\n\n<h3 class=\"wp-block-heading\"><strong>Commentaires<\/strong><\/h3>\n\n<p>Nous nous r\u00e9jouissons de vos commentaires sur l'accessibilit\u00e9 des <strong>Smilehealth L'\u00c9quateur De La Clinique Dentaire<\/strong> site web. S'il vous pla\u00eet laissez-nous savoir si vous rencontrez des obstacles \u00e0 l'accessibilit\u00e9 sur notre site:<\/p>\n\n<p>E-mail: <strong>info@smilehealthecuador.com<\/strong><\/p>\n\n<p>Nous essayons de r\u00e9pondre \u00e0 la r\u00e9troaction dans un d\u00e9lai de 3-5 jours ouvrables.<\/p>\n\n<p>Cette d\u00e9claration a \u00e9t\u00e9 cr\u00e9\u00e9 sur 1\/31\/2026.<\/p>\n\t\t\t\t\t\t\t\t<\/div>\n\t\t\t\t<\/div>\n\t\t\t\t\t<\/div>\n\t\t\t\t<\/div>\n\t\t\t\t<\/div>","protected":false},"excerpt":{"rendered":"<p>Accessibility Statement for https:\/\/smilehealthecuador.com\/ Smilehealth Ecuador Dental Clinic is committed to ensuring digital accessibility for people with disabilities. We are continually improving the user experience for everyone and applying the relevant accessibility standards. Conformance status The Web Content Accessibility Guidelines (WCAG) defines requirements for designers and developers to improve accessibility for people with disabilities. It [&hellip;]<\/p>\n","protected":false},"author":2,"featured_media":0,"parent":0,"menu_order":0,"comment_status":"closed","ping_status":"closed","template":"","meta":{"_acf_changed":false,"footnotes":""},"class_list":["post-2157","page","type-page","status-publish","hentry"],"acf":[],"_links":{"self":[{"href":"https:\/\/smilehealthecuador.com\/fr\/wp-json\/wp\/v2\/pages\/2157","targetHints":{"allow":["GET"]}}],"collection":[{"href":"https:\/\/smilehealthecuador.com\/fr\/wp-json\/wp\/v2\/pages"}],"about":[{"href":"https:\/\/smilehealthecuador.com\/fr\/wp-json\/wp\/v2\/types\/page"}],"author":[{"embeddable":true,"href":"https:\/\/smilehealthecuador.com\/fr\/wp-json\/wp\/v2\/users\/2"}],"replies":[{"embeddable":true,"href":"https:\/\/smilehealthecuador.com\/fr\/wp-json\/wp\/v2\/comments?post=2157"}],"version-history":[{"count":0,"href":"https:\/\/smilehealthecuador.com\/fr\/wp-json\/wp\/v2\/pages\/2157\/revisions"}],"wp:attachment":[{"href":"https:\/\/smilehealthecuador.com\/fr\/wp-json\/wp\/v2\/media?parent=2157"}],"curies":[{"name":"wp","href":"https:\/\/api.w.org\/{rel}","templated":true}]}}