{"id":2157,"date":"2026-01-31T04:36:41","date_gmt":"2026-01-31T04:36:41","guid":{"rendered":"https:\/\/limegreen-crab-986627.hostingersite.com\/accessibility-statement\/"},"modified":"2026-02-04T15:19:29","modified_gmt":"2026-02-04T15:19:29","slug":"accessibility-statement","status":"publish","type":"page","link":"https:\/\/smilehealthecuador.com\/es\/accessibility-statement\/","title":{"rendered":"Accessibility statement"},"content":{"rendered":"<div data-elementor-type=\"wp-page\" data-elementor-id=\"2157\" class=\"elementor elementor-2157\" data-elementor-post-type=\"page\">\n\t\t\t\t<div class=\"elementor-element elementor-element-5e729a2e e-flex e-con-boxed e-con e-parent\" data-id=\"5e729a2e\" data-element_type=\"container\" data-e-type=\"container\" data-settings=\"{&quot;background_background&quot;:&quot;classic&quot;}\">\n\t\t\t\t\t<div class=\"e-con-inner\">\n\t\t\t\t<div class=\"elementor-element elementor-element-6d5977c8 elementor-widget elementor-widget-text-editor\" data-id=\"6d5977c8\" data-element_type=\"widget\" data-e-type=\"widget\" data-widget_type=\"text-editor.default\">\n\t\t\t\t<div class=\"elementor-widget-container\">\n\t\t\t\t\t\t\t\t\t\n<h1 class=\"wp-block-heading has-text-align-center\">Accessibility Statement for https:\/\/smilehealthecuador.com\/<\/h1>\n\n<p><strong>Smilehealth Ecuador Cl\u00ednica Dental<\/strong> se compromete a garantizar la accesibilidad digital para personas con discapacidad. Estamos constantemente mejorando la experiencia de usuario para todos y aplicaci\u00f3n de las normas de accesibilidad.<\/p>\n\n<h3 class=\"wp-block-heading\"><strong>La conformidad de estado<\/strong><\/h3>\n\n<p>Las Web Content Accessibility Guidelines (WCAG) define los requisitos para los dise\u00f1adores y desarrolladores para mejorar la accesibilidad para personas con discapacidad. Se define tres niveles de conformidad: Nivel A, Nivel AA, y el Nivel AAA.<\/p>\n\n<p><strong>Smilehealth Ecuador Cl\u00ednica Dental<\/strong> est\u00e1 haciendo esfuerzos constantes para mejorar la accesibilidad de su sitio y los servicios en la creencia de que es nuestra moral colectiva obligaci\u00f3n de permitir transparente, accesible y de libre uso para aquellos de nosotros con discapacidad.<\/p>\n\n<p>Nuestro objetivo es hacer que todas las p\u00e1ginas y el contenido de <strong>https:\/\/smilehealthecuador.com\/<\/strong> accesible, pero algunos de los contenidos que a\u00fan no puede cumplir plenamente con los m\u00e1s altos est\u00e1ndares de accesibilidad. Esto podr\u00eda ser debido a los desaf\u00edos en la identificaci\u00f3n de la m\u00e1s adecuada soluci\u00f3n tecnol\u00f3gica.<\/p>\n\n<p>Podemos revisar peri\u00f3dicamente esta Declaraci\u00f3n para reflejar las mejoras o cambios a nuestras pr\u00e1cticas de accesibilidad.<\/p>\n\n<h3 class=\"wp-block-heading\"><strong>Comentarios<\/strong><\/h3>\n\n<p>Damos la bienvenida a sus comentarios sobre la accesibilidad de los <strong>Smilehealth Ecuador Cl\u00ednica Dental<\/strong> sitio web. Por favor, h\u00e1ganos saber si usted encuentra las barreras de accesibilidad en nuestra p\u00e1gina web:<\/p>\n\n<p>E-mail: <strong>info@smilehealthecuador.com<\/strong><\/p>\n\n<p>Tratamos de responder a la retroalimentaci\u00f3n en el plazo de 3-5 d\u00edas.<\/p>\n\n<p>Esta declaraci\u00f3n fue creado en 1\/31\/2026.<\/p>\n\t\t\t\t\t\t\t\t<\/div>\n\t\t\t\t<\/div>\n\t\t\t\t\t<\/div>\n\t\t\t\t<\/div>\n\t\t\t\t<\/div>","protected":false},"excerpt":{"rendered":"<p>Accessibility Statement for https:\/\/smilehealthecuador.com\/ Smilehealth Ecuador Dental Clinic is committed to ensuring digital accessibility for people with disabilities. We are continually improving the user experience for everyone and applying the relevant accessibility standards. Conformance status The Web Content Accessibility Guidelines (WCAG) defines requirements for designers and developers to improve accessibility for people with disabilities. It [&hellip;]<\/p>\n","protected":false},"author":2,"featured_media":0,"parent":0,"menu_order":0,"comment_status":"closed","ping_status":"closed","template":"","meta":{"_acf_changed":false,"footnotes":""},"class_list":["post-2157","page","type-page","status-publish","hentry"],"acf":[],"_links":{"self":[{"href":"https:\/\/smilehealthecuador.com\/es\/wp-json\/wp\/v2\/pages\/2157","targetHints":{"allow":["GET"]}}],"collection":[{"href":"https:\/\/smilehealthecuador.com\/es\/wp-json\/wp\/v2\/pages"}],"about":[{"href":"https:\/\/smilehealthecuador.com\/es\/wp-json\/wp\/v2\/types\/page"}],"author":[{"embeddable":true,"href":"https:\/\/smilehealthecuador.com\/es\/wp-json\/wp\/v2\/users\/2"}],"replies":[{"embeddable":true,"href":"https:\/\/smilehealthecuador.com\/es\/wp-json\/wp\/v2\/comments?post=2157"}],"version-history":[{"count":0,"href":"https:\/\/smilehealthecuador.com\/es\/wp-json\/wp\/v2\/pages\/2157\/revisions"}],"wp:attachment":[{"href":"https:\/\/smilehealthecuador.com\/es\/wp-json\/wp\/v2\/media?parent=2157"}],"curies":[{"name":"wp","href":"https:\/\/api.w.org\/{rel}","templated":true}]}}