{"id":2157,"date":"2026-01-31T04:36:41","date_gmt":"2026-01-31T04:36:41","guid":{"rendered":"https:\/\/limegreen-crab-986627.hostingersite.com\/accessibility-statement\/"},"modified":"2026-02-04T15:19:29","modified_gmt":"2026-02-04T15:19:29","slug":"accessibility-statement","status":"publish","type":"page","link":"https:\/\/smilehealthecuador.com\/de\/accessibility-statement\/","title":{"rendered":"Accessibility statement"},"content":{"rendered":"<div data-elementor-type=\"wp-page\" data-elementor-id=\"2157\" class=\"elementor elementor-2157\" data-elementor-post-type=\"page\">\n\t\t\t\t<div class=\"elementor-element elementor-element-5e729a2e e-flex e-con-boxed e-con e-parent\" data-id=\"5e729a2e\" data-element_type=\"container\" data-e-type=\"container\" data-settings=\"{&quot;background_background&quot;:&quot;classic&quot;}\">\n\t\t\t\t\t<div class=\"e-con-inner\">\n\t\t\t\t<div class=\"elementor-element elementor-element-6d5977c8 elementor-widget elementor-widget-text-editor\" data-id=\"6d5977c8\" data-element_type=\"widget\" data-e-type=\"widget\" data-widget_type=\"text-editor.default\">\n\t\t\t\t<div class=\"elementor-widget-container\">\n\t\t\t\t\t\t\t\t\t\n<h1 class=\"wp-block-heading has-text-align-center\">Accessibility Statement for https:\/\/smilehealthecuador.com\/<\/h1>\n\n<p><strong>Smilehealth Ecuador Dental Clinic<\/strong> ist bem\u00fcht sicherzustellen, dass digitale Barrierefreiheit f\u00fcr Menschen mit Behinderungen. Wir sind kontinuierlich die Verbesserung der Benutzer Erfahrung f\u00fcr alle und die Anwendung der relevanten standards f\u00fcr Barrierefreiheit.<\/p>\n\n<h3 class=\"wp-block-heading\"><strong>Conformance status<\/strong><\/h3>\n\n<p>Die Web Content Accessibility Guidelines (WCAG) legt die Anforderungen f\u00fcr Designer und Entwickler zur Verbesserung der Zug\u00e4nglichkeit f\u00fcr Menschen mit Behinderungen. Es definiert drei Ebenen der conformance: Level A, Level AA, and Level AAA.<\/p>\n\n<p><strong>Smilehealth Ecuador Dental Clinic<\/strong> macht st\u00e4ndige Anstrengungen zur Verbesserung der Barrierefreiheit Ihrer Website und Dienstleistungen in der \u00fcberzeugung, dass es unsere kollektive moralische Verpflichtung zu erm\u00f6glichen, eine nahtlose, zug\u00e4ngliche und ungehinderte Nutzung f\u00fcr diejenigen von uns mit Behinderungen.<\/p>\n\n<p>Wir Ziel, um alle Seiten und Inhalte auf <strong>https:\/\/smilehealthecuador.com\/<\/strong> zug\u00e4nglich, aber einige Inhalte werden m\u00f6glicherweise noch nicht vollst\u00e4ndig erf\u00fcllen die h\u00f6chsten standards f\u00fcr Barrierefreiheit. Dies kann aufgrund von Herausforderungen bei der Identifizierung der am meisten geeignete technologische L\u00f6sung.<\/p>\n\n<p>Wir k\u00f6nnen zu \u00fcberarbeiten, diese Erkl\u00e4rung in regelm\u00e4\u00dfigen Abst\u00e4nden zu reflektieren, Verbesserungen oder \u00e4nderungen an unserer Methoden f\u00fcr die Barrierefreiheit.<\/p>\n\n<h3 class=\"wp-block-heading\"><strong>Feedback<\/strong><\/h3>\n\n<p>Wir freuen uns auf Ihr feedback \u00fcber die Zug\u00e4nglichkeit <strong>Smilehealth Ecuador Dental Clinic<\/strong> website. Bitte lassen Sie uns wissen, wenn Sie Probleme Zugangsbarrieren auf unserer website:<\/p>\n\n<p>E-mail: <strong>info@smilehealthecuador.com<\/strong><\/p>\n\n<p>Wir versuchen zu reagieren, um eine R\u00fcckmeldung innerhalb von 3-5 business Tage.<\/p>\n\n<p>Diese Datenschutzerkl\u00e4rung wurde erstellt am 1\/31\/2026.<\/p>\n\t\t\t\t\t\t\t\t<\/div>\n\t\t\t\t<\/div>\n\t\t\t\t\t<\/div>\n\t\t\t\t<\/div>\n\t\t\t\t<\/div>","protected":false},"excerpt":{"rendered":"<p>Accessibility Statement for https:\/\/smilehealthecuador.com\/ Smilehealth Ecuador Dental Clinic is committed to ensuring digital accessibility for people with disabilities. We are continually improving the user experience for everyone and applying the relevant accessibility standards. Conformance status The Web Content Accessibility Guidelines (WCAG) defines requirements for designers and developers to improve accessibility for people with disabilities. It [&hellip;]<\/p>\n","protected":false},"author":2,"featured_media":0,"parent":0,"menu_order":0,"comment_status":"closed","ping_status":"closed","template":"","meta":{"_acf_changed":false,"footnotes":""},"class_list":["post-2157","page","type-page","status-publish","hentry"],"acf":[],"_links":{"self":[{"href":"https:\/\/smilehealthecuador.com\/de\/wp-json\/wp\/v2\/pages\/2157","targetHints":{"allow":["GET"]}}],"collection":[{"href":"https:\/\/smilehealthecuador.com\/de\/wp-json\/wp\/v2\/pages"}],"about":[{"href":"https:\/\/smilehealthecuador.com\/de\/wp-json\/wp\/v2\/types\/page"}],"author":[{"embeddable":true,"href":"https:\/\/smilehealthecuador.com\/de\/wp-json\/wp\/v2\/users\/2"}],"replies":[{"embeddable":true,"href":"https:\/\/smilehealthecuador.com\/de\/wp-json\/wp\/v2\/comments?post=2157"}],"version-history":[{"count":0,"href":"https:\/\/smilehealthecuador.com\/de\/wp-json\/wp\/v2\/pages\/2157\/revisions"}],"wp:attachment":[{"href":"https:\/\/smilehealthecuador.com\/de\/wp-json\/wp\/v2\/media?parent=2157"}],"curies":[{"name":"wp","href":"https:\/\/api.w.org\/{rel}","templated":true}]}}